{"id":47,"date":"2025-05-05T18:41:30","date_gmt":"2025-05-05T18:41:30","guid":{"rendered":"https:\/\/cool-kapitsa.54-39-18-128.plesk.page\/?page_id=47"},"modified":"2025-09-16T14:02:39","modified_gmt":"2025-09-16T14:02:39","slug":"developpement-durable","status":"publish","type":"page","link":"https:\/\/cool-kapitsa.54-39-18-128.plesk.page\/?page_id=47","title":{"rendered":"D\u00e9veloppement durable"},"content":{"rendered":"\t\t<div data-elementor-type=\"wp-page\" data-elementor-id=\"47\" class=\"elementor elementor-47\" data-elementor-post-type=\"page\">\n\t\t\t\t\t\t<section class=\"elementor-section elementor-top-section elementor-element elementor-element-d690e42 elementor-section-boxed elementor-section-height-default elementor-section-height-default\" data-id=\"d690e42\" data-element_type=\"section\" data-settings=\"{&quot;background_background&quot;:&quot;classic&quot;}\">\n\t\t\t\t\t\t\t<div class=\"elementor-background-overlay\"><\/div>\n\t\t\t\t\t\t\t<div class=\"elementor-container elementor-column-gap-default\">\n\t\t\t\t\t<div class=\"elementor-column elementor-col-100 elementor-top-column elementor-element elementor-element-8597cdd\" data-id=\"8597cdd\" data-element_type=\"column\">\n\t\t\t<div class=\"elementor-widget-wrap elementor-element-populated\">\n\t\t\t\t\t\t<div class=\"elementor-element elementor-element-577f8c0 elementor-invisible elementor-widget elementor-widget-heading\" data-id=\"577f8c0\" data-element_type=\"widget\" data-settings=\"{&quot;_animation&quot;:&quot;fadeInDown&quot;}\" data-widget_type=\"heading.default\">\n\t\t\t\t<div class=\"elementor-widget-container\">\n\t\t\t\t\t<h2 class=\"elementor-heading-title elementor-size-default\">D\u00e9veloppement durable<\/h2>\t\t\t\t<\/div>\n\t\t\t\t<\/div>\n\t\t\t\t\t<\/div>\n\t\t<\/div>\n\t\t\t\t\t<\/div>\n\t\t<\/section>\n\t\t\t\t<section class=\"elementor-section elementor-top-section elementor-element elementor-element-e22740e elementor-section-boxed elementor-section-height-default elementor-section-height-default\" data-id=\"e22740e\" data-element_type=\"section\">\n\t\t\t\t\t\t<div class=\"elementor-container elementor-column-gap-default\">\n\t\t\t\t\t<div class=\"elementor-column elementor-col-100 elementor-top-column elementor-element elementor-element-95381b6\" data-id=\"95381b6\" data-element_type=\"column\" data-settings=\"{&quot;background_background&quot;:&quot;classic&quot;}\">\n\t\t\t<div class=\"elementor-widget-wrap elementor-element-populated\">\n\t\t\t\t\t<div class=\"elementor-background-overlay\"><\/div>\n\t\t\t\t\t\t<section class=\"elementor-section elementor-inner-section elementor-element elementor-element-fb01251 elementor-section-boxed elementor-section-height-default elementor-section-height-default\" data-id=\"fb01251\" data-element_type=\"section\">\n\t\t\t\t\t\t<div class=\"elementor-container elementor-column-gap-default\">\n\t\t\t\t\t<div class=\"elementor-column elementor-col-33 elementor-inner-column elementor-element elementor-element-c35f9d5\" data-id=\"c35f9d5\" data-element_type=\"column\">\n\t\t\t<div class=\"elementor-widget-wrap elementor-element-populated\">\n\t\t\t\t\t\t<div class=\"elementor-element elementor-element-f354d19 elementor-widget elementor-widget-heading\" data-id=\"f354d19\" data-element_type=\"widget\" data-widget_type=\"heading.default\">\n\t\t\t\t<div class=\"elementor-widget-container\">\n\t\t\t\t\t<h2 class=\"elementor-heading-title elementor-size-default\">Notre engagement<\/h2>\t\t\t\t<\/div>\n\t\t\t\t<\/div>\n\t\t\t\t<div class=\"elementor-element elementor-element-076fd26 elementor-invisible elementor-widget elementor-widget-heading\" data-id=\"076fd26\" data-element_type=\"widget\" data-settings=\"{&quot;_animation&quot;:&quot;fadeInDown&quot;}\" data-widget_type=\"heading.default\">\n\t\t\t\t<div class=\"elementor-widget-container\">\n\t\t\t\t\t<h2 class=\"elementor-heading-title elementor-size-default\">En mati\u00e8re de d\u00e9veloppement durable<\/h2>\t\t\t\t<\/div>\n\t\t\t\t<\/div>\n\t\t\t\t\t<\/div>\n\t\t<\/div>\n\t\t\t\t<div class=\"elementor-column elementor-col-33 elementor-inner-column elementor-element elementor-element-1fd109d\" data-id=\"1fd109d\" data-element_type=\"column\">\n\t\t\t<div class=\"elementor-widget-wrap elementor-element-populated\">\n\t\t\t\t\t\t<div class=\"elementor-element elementor-element-1149b81 elementor-widget elementor-widget-text-editor\" data-id=\"1149b81\" data-element_type=\"widget\" data-widget_type=\"text-editor.default\">\n\t\t\t\t<div class=\"elementor-widget-container\">\n\t\t\t\t\t\t\t\t\t<p class=\"\" data-start=\"204\" data-end=\"574\">Chez <strong data-start=\"209\" data-end=\"223\">KGC \u00c9nergie<\/strong>, nous croyons que chaque projet est une occasion concr\u00e8te de contribuer \u00e0 un avenir plus responsable.<\/p><p class=\"\" data-start=\"204\" data-end=\"574\">Notre engagement envers le d\u00e9veloppement durable guide chacune de nos d\u00e9cisions, de la planification \u00e0 la r\u00e9alisation, dans le but de r\u00e9duire notre empreinte environnementale tout en cr\u00e9ant une valeur durable pour nos clients et notre communaut\u00e9.<\/p>\t\t\t\t\t\t\t\t<\/div>\n\t\t\t\t<\/div>\n\t\t\t\t<div class=\"elementor-element elementor-element-af5c7d4 elementor-align-left elementor-widget elementor-widget-button\" data-id=\"af5c7d4\" data-element_type=\"widget\" data-widget_type=\"button.default\">\n\t\t\t\t<div class=\"elementor-widget-container\">\n\t\t\t\t\t\t\t\t\t<div class=\"elementor-button-wrapper\">\n\t\t\t\t\t<a class=\"elementor-button elementor-button-link elementor-size-sm\" href=\"https:\/\/cool-kapitsa.54-39-18-128.plesk.page\/wp-content\/uploads\/2025\/09\/DEVELOPPEMENT-DURABLE-Energie-KGC-inc.pdf\" target=\"_blank\">\n\t\t\t\t\t\t<span class=\"elementor-button-content-wrapper\">\n\t\t\t\t\t\t\t\t\t<span class=\"elementor-button-text\">Voir la brochure<\/span>\n\t\t\t\t\t<\/span>\n\t\t\t\t\t<\/a>\n\t\t\t\t<\/div>\n\t\t\t\t\t\t\t\t<\/div>\n\t\t\t\t<\/div>\n\t\t\t\t\t<\/div>\n\t\t<\/div>\n\t\t\t\t<div class=\"elementor-column elementor-col-33 elementor-inner-column elementor-element elementor-element-63d56db elementor-invisible\" data-id=\"63d56db\" data-element_type=\"column\" data-settings=\"{&quot;animation&quot;:&quot;fadeInUp&quot;}\">\n\t\t\t<div class=\"elementor-widget-wrap elementor-element-populated\">\n\t\t\t\t\t\t<div class=\"elementor-element elementor-element-cf7f4e0 elementor-widget elementor-widget-image\" data-id=\"cf7f4e0\" data-element_type=\"widget\" data-widget_type=\"image.default\">\n\t\t\t\t<div class=\"elementor-widget-container\">\n\t\t\t\t\t\t\t\t\t\t\t\t\t\t\t<img fetchpriority=\"high\" decoding=\"async\" width=\"2560\" height=\"1707\" src=\"https:\/\/cool-kapitsa.54-39-18-128.plesk.page\/wp-content\/uploads\/2025\/06\/AdobeStock_455716458-scaled.jpeg\" class=\"attachment-full size-full wp-image-1015\" alt=\"\" srcset=\"https:\/\/cool-kapitsa.54-39-18-128.plesk.page\/wp-content\/uploads\/2025\/06\/AdobeStock_455716458-scaled.jpeg 2560w, https:\/\/cool-kapitsa.54-39-18-128.plesk.page\/wp-content\/uploads\/2025\/06\/AdobeStock_455716458-300x200.jpeg 300w, https:\/\/cool-kapitsa.54-39-18-128.plesk.page\/wp-content\/uploads\/2025\/06\/AdobeStock_455716458-1024x683.jpeg 1024w, https:\/\/cool-kapitsa.54-39-18-128.plesk.page\/wp-content\/uploads\/2025\/06\/AdobeStock_455716458-768x512.jpeg 768w, https:\/\/cool-kapitsa.54-39-18-128.plesk.page\/wp-content\/uploads\/2025\/06\/AdobeStock_455716458-1536x1024.jpeg 1536w, https:\/\/cool-kapitsa.54-39-18-128.plesk.page\/wp-content\/uploads\/2025\/06\/AdobeStock_455716458-2048x1365.jpeg 2048w\" sizes=\"(max-width: 2560px) 100vw, 2560px\" \/>\t\t\t\t\t\t\t\t\t\t\t\t\t\t\t<\/div>\n\t\t\t\t<\/div>\n\t\t\t\t\t<\/div>\n\t\t<\/div>\n\t\t\t\t\t<\/div>\n\t\t<\/section>\n\t\t\t\t\t<\/div>\n\t\t<\/div>\n\t\t\t\t\t<\/div>\n\t\t<\/section>\n\t\t\t\t<section class=\"elementor-section elementor-top-section elementor-element elementor-element-8914a68 elementor-section-boxed elementor-section-height-default elementor-section-height-default\" data-id=\"8914a68\" data-element_type=\"section\">\n\t\t\t\t\t\t<div class=\"elementor-container elementor-column-gap-default\">\n\t\t\t\t\t<div class=\"elementor-column elementor-col-100 elementor-top-column elementor-element elementor-element-9a3d34d\" data-id=\"9a3d34d\" data-element_type=\"column\">\n\t\t\t<div class=\"elementor-widget-wrap elementor-element-populated\">\n\t\t\t\t\t\t<div class=\"elementor-element elementor-element-472e820 elementor-widget elementor-widget-spacer\" data-id=\"472e820\" data-element_type=\"widget\" data-widget_type=\"spacer.default\">\n\t\t\t\t<div class=\"elementor-widget-container\">\n\t\t\t\t\t\t\t<div class=\"elementor-spacer\">\n\t\t\t<div class=\"elementor-spacer-inner\"><\/div>\n\t\t<\/div>\n\t\t\t\t\t\t<\/div>\n\t\t\t\t<\/div>\n\t\t\t\t<section class=\"elementor-section elementor-inner-section elementor-element elementor-element-6c25a6f elementor-section-boxed elementor-section-height-default elementor-section-height-default\" data-id=\"6c25a6f\" data-element_type=\"section\">\n\t\t\t\t\t\t<div class=\"elementor-container elementor-column-gap-default\">\n\t\t\t\t\t<div class=\"elementor-column elementor-col-50 elementor-inner-column elementor-element elementor-element-64f6d72\" data-id=\"64f6d72\" data-element_type=\"column\">\n\t\t\t<div class=\"elementor-widget-wrap elementor-element-populated\">\n\t\t\t\t\t\t<div class=\"elementor-element elementor-element-424b069 elementor-invisible elementor-widget elementor-widget-heading\" data-id=\"424b069\" data-element_type=\"widget\" data-settings=\"{&quot;_animation&quot;:&quot;fadeInDown&quot;}\" data-widget_type=\"heading.default\">\n\t\t\t\t<div class=\"elementor-widget-container\">\n\t\t\t\t\t<h2 class=\"elementor-heading-title elementor-size-default\">Ensemble vers un avenir plus vert<\/h2>\t\t\t\t<\/div>\n\t\t\t\t<\/div>\n\t\t\t\t\t<\/div>\n\t\t<\/div>\n\t\t\t\t<div class=\"elementor-column elementor-col-50 elementor-inner-column elementor-element elementor-element-b272e90 elementor-invisible\" data-id=\"b272e90\" data-element_type=\"column\" data-settings=\"{&quot;animation&quot;:&quot;fadeInUp&quot;}\">\n\t\t\t<div class=\"elementor-widget-wrap elementor-element-populated\">\n\t\t\t\t\t\t<div class=\"elementor-element elementor-element-dbd8051 elementor-widget elementor-widget-text-editor\" data-id=\"dbd8051\" data-element_type=\"widget\" data-widget_type=\"text-editor.default\">\n\t\t\t\t<div class=\"elementor-widget-container\">\n\t\t\t\t\t\t\t\t\t<p>Nous sommes r\u00e9solus \u00e0 repousser les limites du possible pour int\u00e9grer des pratiques durables dans tout ce que nous b\u00e2tissons. Parce qu\u2019un projet r\u00e9ussi, c\u2019est aussi un projet qui respecte l\u2019environnement et les g\u00e9n\u00e9rations \u00e0 venir.<\/p>\t\t\t\t\t\t\t\t<\/div>\n\t\t\t\t<\/div>\n\t\t\t\t<div class=\"elementor-element elementor-element-ce926bc elementor-widget-divider--view-line elementor-widget elementor-widget-divider\" data-id=\"ce926bc\" data-element_type=\"widget\" data-widget_type=\"divider.default\">\n\t\t\t\t<div class=\"elementor-widget-container\">\n\t\t\t\t\t\t\t<div class=\"elementor-divider\">\n\t\t\t<span class=\"elementor-divider-separator\">\n\t\t\t\t\t\t<\/span>\n\t\t<\/div>\n\t\t\t\t\t\t<\/div>\n\t\t\t\t<\/div>\n\t\t\t\t\t<\/div>\n\t\t<\/div>\n\t\t\t\t\t<\/div>\n\t\t<\/section>\n\t\t\t\t\t<\/div>\n\t\t<\/div>\n\t\t\t\t\t<\/div>\n\t\t<\/section>\n\t\t<div class=\"elementor-element elementor-element-486542c e-flex e-con-boxed e-con e-parent\" data-id=\"486542c\" data-element_type=\"container\">\n\t\t\t\t\t<div class=\"e-con-inner\">\n\t\t\t\t<div class=\"elementor-element elementor-element-f42210e elementor-widget elementor-widget-spacer\" data-id=\"f42210e\" data-element_type=\"widget\" data-widget_type=\"spacer.default\">\n\t\t\t\t<div class=\"elementor-widget-container\">\n\t\t\t\t\t\t\t<div class=\"elementor-spacer\">\n\t\t\t<div class=\"elementor-spacer-inner\"><\/div>\n\t\t<\/div>\n\t\t\t\t\t\t<\/div>\n\t\t\t\t<\/div>\n\t\t\t\t\t<\/div>\n\t\t\t\t<\/div>\n\t\t\t\t<\/div>\n\t\t","protected":false},"excerpt":{"rendered":"<p>D\u00e9veloppement durable Notre engagement En mati\u00e8re de d\u00e9veloppement durable Chez KGC \u00c9nergie, nous croyons que chaque projet est une occasion concr\u00e8te de contribuer \u00e0 un avenir plus responsable. Notre engagement envers le d\u00e9veloppement durable guide chacune de nos d\u00e9cisions, de la planification \u00e0 la r\u00e9alisation, dans le but de r\u00e9duire notre empreinte environnementale tout en [&hellip;]<\/p>\n","protected":false},"author":1,"featured_media":0,"parent":0,"menu_order":0,"comment_status":"closed","ping_status":"closed","template":"","meta":{"footnotes":""},"class_list":["post-47","page","type-page","status-publish","hentry"],"_links":{"self":[{"href":"https:\/\/cool-kapitsa.54-39-18-128.plesk.page\/index.php?rest_route=\/wp\/v2\/pages\/47","targetHints":{"allow":["GET"]}}],"collection":[{"href":"https:\/\/cool-kapitsa.54-39-18-128.plesk.page\/index.php?rest_route=\/wp\/v2\/pages"}],"about":[{"href":"https:\/\/cool-kapitsa.54-39-18-128.plesk.page\/index.php?rest_route=\/wp\/v2\/types\/page"}],"author":[{"embeddable":true,"href":"https:\/\/cool-kapitsa.54-39-18-128.plesk.page\/index.php?rest_route=\/wp\/v2\/users\/1"}],"replies":[{"embeddable":true,"href":"https:\/\/cool-kapitsa.54-39-18-128.plesk.page\/index.php?rest_route=%2Fwp%2Fv2%2Fcomments&post=47"}],"version-history":[{"count":40,"href":"https:\/\/cool-kapitsa.54-39-18-128.plesk.page\/index.php?rest_route=\/wp\/v2\/pages\/47\/revisions"}],"predecessor-version":[{"id":2004,"href":"https:\/\/cool-kapitsa.54-39-18-128.plesk.page\/index.php?rest_route=\/wp\/v2\/pages\/47\/revisions\/2004"}],"wp:attachment":[{"href":"https:\/\/cool-kapitsa.54-39-18-128.plesk.page\/index.php?rest_route=%2Fwp%2Fv2%2Fmedia&parent=47"}],"curies":[{"name":"wp","href":"https:\/\/api.w.org\/{rel}","templated":true}]}}