{"id":38,"date":"2025-05-05T18:38:02","date_gmt":"2025-05-05T18:38:02","guid":{"rendered":"https:\/\/cool-kapitsa.54-39-18-128.plesk.page\/?page_id=38"},"modified":"2025-08-13T18:53:22","modified_gmt":"2025-08-13T18:53:22","slug":"notre-equipe","status":"publish","type":"page","link":"https:\/\/cool-kapitsa.54-39-18-128.plesk.page\/?page_id=38","title":{"rendered":"Notre \u00e9quipe"},"content":{"rendered":"\t\t<div data-elementor-type=\"wp-page\" data-elementor-id=\"38\" class=\"elementor elementor-38\" data-elementor-post-type=\"page\">\n\t\t\t\t\t\t<section class=\"elementor-section elementor-top-section elementor-element elementor-element-590ef00b elementor-section-boxed elementor-section-height-default elementor-section-height-default\" data-id=\"590ef00b\" data-element_type=\"section\" data-settings=\"{&quot;background_background&quot;:&quot;classic&quot;}\">\n\t\t\t\t\t\t\t<div class=\"elementor-background-overlay\"><\/div>\n\t\t\t\t\t\t\t<div class=\"elementor-container elementor-column-gap-default\">\n\t\t\t\t\t<div class=\"elementor-column elementor-col-100 elementor-top-column elementor-element elementor-element-7eaad9d3\" data-id=\"7eaad9d3\" data-element_type=\"column\">\n\t\t\t<div class=\"elementor-widget-wrap elementor-element-populated\">\n\t\t\t\t\t\t<div class=\"elementor-element elementor-element-5bc1759 elementor-invisible elementor-widget elementor-widget-heading\" data-id=\"5bc1759\" data-element_type=\"widget\" data-settings=\"{&quot;_animation&quot;:&quot;fadeInDown&quot;}\" data-widget_type=\"heading.default\">\n\t\t\t\t<div class=\"elementor-widget-container\">\n\t\t\t\t\t<h2 class=\"elementor-heading-title elementor-size-default\">L'ADN de notre \u00e9quipe et de nos affili\u00e9s<\/h2>\t\t\t\t<\/div>\n\t\t\t\t<\/div>\n\t\t\t\t\t<\/div>\n\t\t<\/div>\n\t\t\t\t\t<\/div>\n\t\t<\/section>\n\t\t\t\t<section class=\"elementor-section elementor-top-section elementor-element elementor-element-52940db6 elementor-section-boxed elementor-section-height-default elementor-section-height-default\" data-id=\"52940db6\" data-element_type=\"section\" data-settings=\"{&quot;background_background&quot;:&quot;classic&quot;}\">\n\t\t\t\t\t\t\t<div class=\"elementor-background-overlay\"><\/div>\n\t\t\t\t\t\t\t<div class=\"elementor-container elementor-column-gap-default\">\n\t\t\t\t\t<div class=\"elementor-column elementor-col-50 elementor-top-column elementor-element elementor-element-5face8f0\" data-id=\"5face8f0\" data-element_type=\"column\">\n\t\t\t<div class=\"elementor-widget-wrap elementor-element-populated\">\n\t\t\t\t\t\t<div class=\"elementor-element elementor-element-40d04add elementor-widget-tablet__width-initial elementor-widget-mobile__width-initial elementor-widget elementor-widget-image\" data-id=\"40d04add\" data-element_type=\"widget\" data-widget_type=\"image.default\">\n\t\t\t\t<div class=\"elementor-widget-container\">\n\t\t\t\t\t\t\t\t\t\t\t\t\t\t\t<img fetchpriority=\"high\" decoding=\"async\" width=\"1082\" height=\"754\" src=\"https:\/\/cool-kapitsa.54-39-18-128.plesk.page\/wp-content\/uploads\/2025\/05\/team-depiedmont-scaled-e1750429289664.png\" class=\"attachment-full size-full wp-image-411\" alt=\"\" srcset=\"https:\/\/cool-kapitsa.54-39-18-128.plesk.page\/wp-content\/uploads\/2025\/05\/team-depiedmont-scaled-e1750429289664.png 1082w, https:\/\/cool-kapitsa.54-39-18-128.plesk.page\/wp-content\/uploads\/2025\/05\/team-depiedmont-scaled-e1750429289664-300x209.png 300w, https:\/\/cool-kapitsa.54-39-18-128.plesk.page\/wp-content\/uploads\/2025\/05\/team-depiedmont-scaled-e1750429289664-1024x714.png 1024w, https:\/\/cool-kapitsa.54-39-18-128.plesk.page\/wp-content\/uploads\/2025\/05\/team-depiedmont-scaled-e1750429289664-768x535.png 768w\" sizes=\"(max-width: 1082px) 100vw, 1082px\" \/>\t\t\t\t\t\t\t\t\t\t\t\t\t\t\t<\/div>\n\t\t\t\t<\/div>\n\t\t\t\t\t<\/div>\n\t\t<\/div>\n\t\t\t\t<div class=\"elementor-column elementor-col-50 elementor-top-column elementor-element elementor-element-2c9078db\" data-id=\"2c9078db\" data-element_type=\"column\">\n\t\t\t<div class=\"elementor-widget-wrap elementor-element-populated\">\n\t\t\t\t\t\t<section class=\"elementor-section elementor-inner-section elementor-element elementor-element-5d996275 elementor-section-boxed elementor-section-height-default elementor-section-height-default elementor-invisible\" data-id=\"5d996275\" data-element_type=\"section\" data-settings=\"{&quot;animation&quot;:&quot;fadeInRight&quot;}\">\n\t\t\t\t\t\t<div class=\"elementor-container elementor-column-gap-default\">\n\t\t\t\t\t<div class=\"elementor-column elementor-col-100 elementor-inner-column elementor-element elementor-element-5bbcaa90\" data-id=\"5bbcaa90\" data-element_type=\"column\" data-settings=\"{&quot;background_background&quot;:&quot;classic&quot;}\">\n\t\t\t<div class=\"elementor-widget-wrap elementor-element-populated\">\n\t\t\t\t\t<div class=\"elementor-background-overlay\"><\/div>\n\t\t\t\t\t\t<div class=\"elementor-element elementor-element-fa12319 elementor-widget elementor-widget-heading\" data-id=\"fa12319\" data-element_type=\"widget\" data-widget_type=\"heading.default\">\n\t\t\t\t<div class=\"elementor-widget-container\">\n\t\t\t\t\t<h2 class=\"elementor-heading-title elementor-size-default\">Chez KGC \u00c9nergie<\/h2>\t\t\t\t<\/div>\n\t\t\t\t<\/div>\n\t\t\t\t<div class=\"elementor-element elementor-element-4538938 elementor-widget elementor-widget-text-editor\" data-id=\"4538938\" data-element_type=\"widget\" data-widget_type=\"text-editor.default\">\n\t\t\t\t<div class=\"elementor-widget-container\">\n\t\t\t\t\t\t\t\t\t<p class=\"\" data-start=\"99\" data-end=\"442\">Nous sommes fiers d\u2019\u00eatre une entreprise o\u00f9 les gens de terrain et le personnel administratif sont d\u00e9vou\u00e9s \u00e0 la r\u00e9ussite de tous les projets. Nos \u00e9lectriciens sont des passionn\u00e9s qui se d\u00e9marquent par leurs qualifications et leur souci du travail bien fait. De plus, ils sont reconnus pour viser l\u2019excellence dans toutes les facettes du m\u00e9tier.<\/p><p class=\"\" data-start=\"444\" data-end=\"997\">Nous disposons \u00e9galement d\u2019une \u00e9quipe de professionnels (contrema\u00eetres, surintendants, charg\u00e9s de projets) qui, gr\u00e2ce \u00e0 leur s\u00e9rieux et au travail qu\u2019ils accomplissent jour apr\u00e8s jour, sont un soutien indispensable \u00e0 nos \u00e9lectriciens. En g\u00e9rant efficacement nos multiples projets et en assurant une communication fluide avec nos clients, ces professionnels veillent \u00e0 ce que chaque \u00e9tape \u2014 de l\u2019id\u00e9e de d\u00e9part \u00e0 l\u2019ex\u00e9cution des travaux en passant par la planification \u2014 soit men\u00e9e de fa\u00e7on rigoureuse pour livrer des r\u00e9sultats \u00e0 la hauteur des attentes.<\/p><p class=\"\" data-start=\"999\" data-end=\"1276\">Enfin, il est essentiel de souligner le r\u00f4le cl\u00e9 jou\u00e9 par notre personnel administratif. Sans leur soutien quotidien dans nos bureaux, nos \u00e9quipes sur le terrain se retrouveraient bien souvent d\u00e9munies devant l\u2019ampleur du travail \u00e0 faire en amont des chantiers de construction.<\/p>\t\t\t\t\t\t\t\t<\/div>\n\t\t\t\t<\/div>\n\t\t\t\t\t<\/div>\n\t\t<\/div>\n\t\t\t\t\t<\/div>\n\t\t<\/section>\n\t\t\t\t\t<\/div>\n\t\t<\/div>\n\t\t\t\t\t<\/div>\n\t\t<\/section>\n\t\t<div class=\"elementor-element elementor-element-edabd0e e-flex e-con-boxed e-con e-parent\" data-id=\"edabd0e\" data-element_type=\"container\" data-settings=\"{&quot;background_background&quot;:&quot;classic&quot;}\">\n\t\t\t\t\t<div class=\"e-con-inner\">\n\t\t\t\t<div class=\"elementor-element elementor-element-e2e0d75 elementor-widget elementor-widget-spacer\" data-id=\"e2e0d75\" data-element_type=\"widget\" data-widget_type=\"spacer.default\">\n\t\t\t\t<div class=\"elementor-widget-container\">\n\t\t\t\t\t\t\t<div class=\"elementor-spacer\">\n\t\t\t<div class=\"elementor-spacer-inner\"><\/div>\n\t\t<\/div>\n\t\t\t\t\t\t<\/div>\n\t\t\t\t<\/div>\n\t\t\t\t\t<\/div>\n\t\t\t\t<\/div>\n\t\t\t\t<section class=\"elementor-section elementor-top-section elementor-element elementor-element-beae448 elementor-section-boxed elementor-section-height-default elementor-section-height-default\" data-id=\"beae448\" data-element_type=\"section\">\n\t\t\t\t\t\t<div class=\"elementor-container elementor-column-gap-default\">\n\t\t\t\t\t<div class=\"elementor-column elementor-col-100 elementor-top-column elementor-element elementor-element-cc49297\" data-id=\"cc49297\" data-element_type=\"column\">\n\t\t\t<div class=\"elementor-widget-wrap elementor-element-populated\">\n\t\t\t\t\t\t<div class=\"elementor-element elementor-element-7c05696 elementor-widget elementor-widget-spacer\" data-id=\"7c05696\" data-element_type=\"widget\" data-widget_type=\"spacer.default\">\n\t\t\t\t<div class=\"elementor-widget-container\">\n\t\t\t\t\t\t\t<div class=\"elementor-spacer\">\n\t\t\t<div class=\"elementor-spacer-inner\"><\/div>\n\t\t<\/div>\n\t\t\t\t\t\t<\/div>\n\t\t\t\t<\/div>\n\t\t\t\t<section class=\"elementor-section elementor-inner-section elementor-element elementor-element-44552a6 elementor-section-boxed elementor-section-height-default elementor-section-height-default\" data-id=\"44552a6\" data-element_type=\"section\">\n\t\t\t\t\t\t<div class=\"elementor-container elementor-column-gap-default\">\n\t\t\t\t\t<div class=\"elementor-column elementor-col-50 elementor-inner-column elementor-element elementor-element-f9b172e\" data-id=\"f9b172e\" data-element_type=\"column\">\n\t\t\t<div class=\"elementor-widget-wrap elementor-element-populated\">\n\t\t\t\t\t\t<div class=\"elementor-element elementor-element-65c6f3b elementor-widget elementor-widget-image\" data-id=\"65c6f3b\" data-element_type=\"widget\" data-widget_type=\"image.default\">\n\t\t\t\t<div class=\"elementor-widget-container\">\n\t\t\t\t\t\t\t\t\t\t\t\t\t\t\t<img decoding=\"async\" width=\"258\" height=\"29\" src=\"https:\/\/cool-kapitsa.54-39-18-128.plesk.page\/wp-content\/uploads\/2025\/05\/Logo-DePIEDMONT-1.svg\" class=\"attachment-full size-full wp-image-557\" alt=\"\" \/>\t\t\t\t\t\t\t\t\t\t\t\t\t\t\t<\/div>\n\t\t\t\t<\/div>\n\t\t\t\t\t<\/div>\n\t\t<\/div>\n\t\t\t\t<div class=\"elementor-column elementor-col-50 elementor-inner-column elementor-element elementor-element-24fd0d7 elementor-invisible\" data-id=\"24fd0d7\" data-element_type=\"column\" data-settings=\"{&quot;animation&quot;:&quot;fadeInUp&quot;}\">\n\t\t\t<div class=\"elementor-widget-wrap elementor-element-populated\">\n\t\t\t\t\t\t<div class=\"elementor-element elementor-element-f5ae5d6 elementor-widget elementor-widget-text-editor\" data-id=\"f5ae5d6\" data-element_type=\"widget\" data-widget_type=\"text-editor.default\">\n\t\t\t\t<div class=\"elementor-widget-container\">\n\t\t\t\t\t\t\t\t\t<p class=\"\" data-start=\"160\" data-end=\"180\"><strong data-start=\"160\" data-end=\"180\">DePIEDMONT<\/strong><\/p><article class=\"text-token-text-primary w-full focus:outline-none scroll-mt-[calc(var(--header-height)+min(200px,max(70px,20svh)))]\" dir=\"auto\" tabindex=\"-1\" data-turn-id=\"request-WEB:53165660-5d66-4ee7-ac9b-199731c90003-20\" data-testid=\"conversation-turn-32\" data-scroll-anchor=\"true\" data-turn=\"assistant\"><div class=\"text-base my-auto mx-auto pb-10 [--thread-content-margin:--spacing(4)] @[37rem]:[--thread-content-margin:--spacing(6)] @[72rem]:[--thread-content-margin:--spacing(16)] px-(--thread-content-margin)\"><div class=\"[--thread-content-max-width:32rem] @[34rem]:[--thread-content-max-width:40rem] @[64rem]:[--thread-content-max-width:48rem] mx-auto max-w-(--thread-content-max-width) flex-1 group\/turn-messages focus-visible:outline-hidden relative flex w-full min-w-0 flex-col agent-turn\" tabindex=\"-1\"><div class=\"flex max-w-full flex-col grow\"><div class=\"min-h-8 text-message relative flex w-full flex-col items-end gap-2 text-start break-words whitespace-normal [.text-message+&amp;]:mt-5\" dir=\"auto\" data-message-author-role=\"assistant\" data-message-id=\"cad71620-cb09-4011-a04d-73235f786bbf\" data-message-model-slug=\"gpt-5\"><div class=\"flex w-full flex-col gap-1 empty:hidden first:pt-[3px]\"><div class=\"markdown prose dark:prose-invert w-full break-words light markdown-new-styling\"><p data-start=\"18\" data-end=\"105\"><strong data-start=\"18\" data-end=\"103\">Fier entrepreneur en construction sp\u00e9cialis\u00e9 travaux de routes, ponts et viaducs.<\/strong><\/p><p data-start=\"107\" data-end=\"288\">DePiedmont offre une gamme compl\u00e8te de services dans les projets d\u2019infrastructures priv\u00e9s et publics ainsi que dans les projets industriels de petite, moyenne et grande envergure.<\/p><p data-start=\"290\" data-end=\"435\">Nous sommes persuad\u00e9s que nos \u00e9quipes techniques appuy\u00e9es par le personnel administratif vous apporteront des solutions en mati\u00e8res de gestion.<\/p><p data-start=\"437\" data-end=\"530\">Nous desservons le Qu\u00e9bec ainsi que partout o\u00f9 vos projets demandent une expertise externe.<\/p><p data-start=\"532\" data-end=\"660\" data-is-last-node=\"\" data-is-only-node=\"\">Nous sommes heureux d\u2019encourager et de supporter les saines habitudes en mati\u00e8re de s\u00e9curit\u00e9 au travail dans notre entreprise.<\/p><\/div><\/div><\/div><\/div><\/div><\/div><\/article><div class=\"pointer-events-none h-px w-px\" aria-hidden=\"true\" data-edge=\"true\">\u00a0<\/div>\t\t\t\t\t\t\t\t<\/div>\n\t\t\t\t<\/div>\n\t\t\t\t<div class=\"elementor-element elementor-element-4694d12 elementor-widget-divider--view-line elementor-widget elementor-widget-divider\" data-id=\"4694d12\" data-element_type=\"widget\" data-widget_type=\"divider.default\">\n\t\t\t\t<div class=\"elementor-widget-container\">\n\t\t\t\t\t\t\t<div class=\"elementor-divider\">\n\t\t\t<span class=\"elementor-divider-separator\">\n\t\t\t\t\t\t<\/span>\n\t\t<\/div>\n\t\t\t\t\t\t<\/div>\n\t\t\t\t<\/div>\n\t\t\t\t\t<\/div>\n\t\t<\/div>\n\t\t\t\t\t<\/div>\n\t\t<\/section>\n\t\t\t\t\t<\/div>\n\t\t<\/div>\n\t\t\t\t\t<\/div>\n\t\t<\/section>\n\t\t\t\t<section class=\"elementor-section elementor-top-section elementor-element elementor-element-2cdc7c5 elementor-section-boxed elementor-section-height-default elementor-section-height-default\" data-id=\"2cdc7c5\" data-element_type=\"section\">\n\t\t\t\t\t\t<div class=\"elementor-container elementor-column-gap-default\">\n\t\t\t\t\t<div class=\"elementor-column elementor-col-100 elementor-top-column elementor-element elementor-element-5473d07\" data-id=\"5473d07\" data-element_type=\"column\">\n\t\t\t<div class=\"elementor-widget-wrap elementor-element-populated\">\n\t\t\t\t\t\t<section class=\"elementor-section elementor-inner-section elementor-element elementor-element-99d6c7c elementor-section-boxed elementor-section-height-default elementor-section-height-default\" data-id=\"99d6c7c\" data-element_type=\"section\">\n\t\t\t\t\t\t<div class=\"elementor-container elementor-column-gap-default\">\n\t\t\t\t\t<div class=\"elementor-column elementor-col-50 elementor-inner-column elementor-element elementor-element-ff8b226\" data-id=\"ff8b226\" data-element_type=\"column\">\n\t\t\t<div class=\"elementor-widget-wrap elementor-element-populated\">\n\t\t\t\t\t\t<div class=\"elementor-element elementor-element-aa335b9 elementor-widget elementor-widget-spacer\" data-id=\"aa335b9\" data-element_type=\"widget\" data-widget_type=\"spacer.default\">\n\t\t\t\t<div class=\"elementor-widget-container\">\n\t\t\t\t\t\t\t<div class=\"elementor-spacer\">\n\t\t\t<div class=\"elementor-spacer-inner\"><\/div>\n\t\t<\/div>\n\t\t\t\t\t\t<\/div>\n\t\t\t\t<\/div>\n\t\t\t\t<div class=\"elementor-element elementor-element-2df8a4f elementor-widget elementor-widget-image\" data-id=\"2df8a4f\" data-element_type=\"widget\" data-widget_type=\"image.default\">\n\t\t\t\t<div class=\"elementor-widget-container\">\n\t\t\t\t\t\t\t\t\t\t\t\t\t\t\t<img decoding=\"async\" width=\"800\" height=\"141\" src=\"https:\/\/cool-kapitsa.54-39-18-128.plesk.page\/wp-content\/uploads\/2025\/05\/DePIEDMONT-fond-transparent-logo7650C-e1746467976329-1024x180.png\" class=\"attachment-large size-large wp-image-28\" alt=\"\" srcset=\"https:\/\/cool-kapitsa.54-39-18-128.plesk.page\/wp-content\/uploads\/2025\/05\/DePIEDMONT-fond-transparent-logo7650C-e1746467976329-1024x180.png 1024w, https:\/\/cool-kapitsa.54-39-18-128.plesk.page\/wp-content\/uploads\/2025\/05\/DePIEDMONT-fond-transparent-logo7650C-e1746467976329-300x53.png 300w, https:\/\/cool-kapitsa.54-39-18-128.plesk.page\/wp-content\/uploads\/2025\/05\/DePIEDMONT-fond-transparent-logo7650C-e1746467976329-768x135.png 768w, https:\/\/cool-kapitsa.54-39-18-128.plesk.page\/wp-content\/uploads\/2025\/05\/DePIEDMONT-fond-transparent-logo7650C-e1746467976329.png 1136w\" sizes=\"(max-width: 800px) 100vw, 800px\" \/>\t\t\t\t\t\t\t\t\t\t\t\t\t\t\t<\/div>\n\t\t\t\t<\/div>\n\t\t\t\t<div class=\"elementor-element elementor-element-3ec1f37 elementor-widget elementor-widget-heading\" data-id=\"3ec1f37\" data-element_type=\"widget\" data-widget_type=\"heading.default\">\n\t\t\t\t<div class=\"elementor-widget-container\">\n\t\t\t\t\t<h2 class=\"elementor-heading-title elementor-size-default\">Energie<\/h2>\t\t\t\t<\/div>\n\t\t\t\t<\/div>\n\t\t\t\t\t<\/div>\n\t\t<\/div>\n\t\t\t\t<div class=\"elementor-column elementor-col-50 elementor-inner-column elementor-element elementor-element-1abb1c1 elementor-invisible\" data-id=\"1abb1c1\" data-element_type=\"column\" data-settings=\"{&quot;animation&quot;:&quot;fadeInUp&quot;}\">\n\t\t\t<div class=\"elementor-widget-wrap elementor-element-populated\">\n\t\t\t\t\t\t<div class=\"elementor-element elementor-element-eb17c59 elementor-widget elementor-widget-text-editor\" data-id=\"eb17c59\" data-element_type=\"widget\" data-widget_type=\"text-editor.default\">\n\t\t\t\t<div class=\"elementor-widget-container\">\n\t\t\t\t\t\t\t\t\t<p><strong>Votre partenaire pour les projets techniques sp\u00e9cialis\u00e9s<\/strong><\/p><p>Chez DePiedmont \u00c9nergie, nous offrons une gamme compl\u00e8te de services pour vos projets sp\u00e9ciaux, incluant la mise \u00e0 niveau de cabinets de puissance, la construction d\u2019appareillages, les tests et la maintenance de vos installations.<\/p><p>Notre force r\u00e9side dans la compl\u00e9mentarit\u00e9 de nos \u00e9quipes techniques et de notre personnel administratif, qui travaillent ensemble pour vous offrir des solutions fiables, s\u00e9curitaires et adapt\u00e9es \u00e0 vos besoins les plus complexes.<\/p><p>Bas\u00e9s au Qu\u00e9bec, nous intervenons partout o\u00f9 votre projet requiert une expertise sp\u00e9cialis\u00e9e et rigoureuse.<\/p><p>Engag\u00e9s envers l\u2019excellence, nous faisons aussi de la s\u00e9curit\u00e9 au travail une priorit\u00e9 quotidienne, en favorisant des pratiques exemplaires \u00e0 tous les niveaux de notre entreprise.<\/p>\t\t\t\t\t\t\t\t<\/div>\n\t\t\t\t<\/div>\n\t\t\t\t<div class=\"elementor-element elementor-element-52d83b4 elementor-widget-divider--view-line elementor-widget elementor-widget-divider\" data-id=\"52d83b4\" data-element_type=\"widget\" data-widget_type=\"divider.default\">\n\t\t\t\t<div class=\"elementor-widget-container\">\n\t\t\t\t\t\t\t<div class=\"elementor-divider\">\n\t\t\t<span class=\"elementor-divider-separator\">\n\t\t\t\t\t\t<\/span>\n\t\t<\/div>\n\t\t\t\t\t\t<\/div>\n\t\t\t\t<\/div>\n\t\t\t\t\t<\/div>\n\t\t<\/div>\n\t\t\t\t\t<\/div>\n\t\t<\/section>\n\t\t\t\t\t<\/div>\n\t\t<\/div>\n\t\t\t\t\t<\/div>\n\t\t<\/section>\n\t\t\t\t<section class=\"elementor-section elementor-top-section elementor-element elementor-element-6873067 elementor-section-boxed elementor-section-height-default elementor-section-height-default\" data-id=\"6873067\" data-element_type=\"section\">\n\t\t\t\t\t\t<div class=\"elementor-container elementor-column-gap-default\">\n\t\t\t\t\t<div class=\"elementor-column elementor-col-100 elementor-top-column elementor-element elementor-element-c6ac4b5\" data-id=\"c6ac4b5\" data-element_type=\"column\">\n\t\t\t<div class=\"elementor-widget-wrap elementor-element-populated\">\n\t\t\t\t\t\t<section class=\"elementor-section elementor-inner-section elementor-element elementor-element-508ce3f elementor-section-boxed elementor-section-height-default elementor-section-height-default\" data-id=\"508ce3f\" data-element_type=\"section\">\n\t\t\t\t\t\t<div class=\"elementor-container elementor-column-gap-default\">\n\t\t\t\t\t<div class=\"elementor-column elementor-col-50 elementor-inner-column elementor-element elementor-element-2b7fdb7\" data-id=\"2b7fdb7\" data-element_type=\"column\">\n\t\t\t<div class=\"elementor-widget-wrap elementor-element-populated\">\n\t\t\t\t\t\t<div class=\"elementor-element elementor-element-77f1a21 elementor-widget elementor-widget-spacer\" data-id=\"77f1a21\" data-element_type=\"widget\" data-widget_type=\"spacer.default\">\n\t\t\t\t<div class=\"elementor-widget-container\">\n\t\t\t\t\t\t\t<div class=\"elementor-spacer\">\n\t\t\t<div class=\"elementor-spacer-inner\"><\/div>\n\t\t<\/div>\n\t\t\t\t\t\t<\/div>\n\t\t\t\t<\/div>\n\t\t\t\t<div class=\"elementor-element elementor-element-36a7b2d elementor-widget elementor-widget-image\" data-id=\"36a7b2d\" data-element_type=\"widget\" data-widget_type=\"image.default\">\n\t\t\t\t<div class=\"elementor-widget-container\">\n\t\t\t\t\t\t\t\t\t\t\t\t\t\t\t<img decoding=\"async\" width=\"800\" height=\"141\" src=\"https:\/\/cool-kapitsa.54-39-18-128.plesk.page\/wp-content\/uploads\/2025\/05\/DePIEDMONT-fond-transparent-logo7650C-e1746467976329-1024x180.png\" class=\"attachment-large size-large wp-image-28\" alt=\"\" srcset=\"https:\/\/cool-kapitsa.54-39-18-128.plesk.page\/wp-content\/uploads\/2025\/05\/DePIEDMONT-fond-transparent-logo7650C-e1746467976329-1024x180.png 1024w, https:\/\/cool-kapitsa.54-39-18-128.plesk.page\/wp-content\/uploads\/2025\/05\/DePIEDMONT-fond-transparent-logo7650C-e1746467976329-300x53.png 300w, https:\/\/cool-kapitsa.54-39-18-128.plesk.page\/wp-content\/uploads\/2025\/05\/DePIEDMONT-fond-transparent-logo7650C-e1746467976329-768x135.png 768w, https:\/\/cool-kapitsa.54-39-18-128.plesk.page\/wp-content\/uploads\/2025\/05\/DePIEDMONT-fond-transparent-logo7650C-e1746467976329.png 1136w\" sizes=\"(max-width: 800px) 100vw, 800px\" \/>\t\t\t\t\t\t\t\t\t\t\t\t\t\t\t<\/div>\n\t\t\t\t<\/div>\n\t\t\t\t<div class=\"elementor-element elementor-element-45345e0 elementor-widget elementor-widget-heading\" data-id=\"45345e0\" data-element_type=\"widget\" data-widget_type=\"heading.default\">\n\t\t\t\t<div class=\"elementor-widget-container\">\n\t\t\t\t\t<h2 class=\"elementor-heading-title elementor-size-default\">Production et distribution d\u2019\u00e9nergie<\/h2>\t\t\t\t<\/div>\n\t\t\t\t<\/div>\n\t\t\t\t\t<\/div>\n\t\t<\/div>\n\t\t\t\t<div class=\"elementor-column elementor-col-50 elementor-inner-column elementor-element elementor-element-5019d44 elementor-invisible\" data-id=\"5019d44\" data-element_type=\"column\" data-settings=\"{&quot;animation&quot;:&quot;fadeInUp&quot;}\">\n\t\t\t<div class=\"elementor-widget-wrap elementor-element-populated\">\n\t\t\t\t\t\t<div class=\"elementor-element elementor-element-058da62 elementor-widget elementor-widget-text-editor\" data-id=\"058da62\" data-element_type=\"widget\" data-widget_type=\"text-editor.default\">\n\t\t\t\t<div class=\"elementor-widget-container\">\n\t\t\t\t\t\t\t\t\t<p><strong>Expertise en appareillage de production d\u2019\u00e9nergie<\/strong><\/p><p>Fier entrepreneur sp\u00e9cialis\u00e9 en construction d\u2019infrastructures li\u00e9es \u00e0 la production d\u2019\u00e9nergie, DePiedmont Production offre une gamme compl\u00e8te de services pour vos projets, qu\u2019il s\u2019agisse de turbines hydrauliques, \u00e9oliennes ou d\u2019autres solutions \u00e9nerg\u00e9tiques.<\/p><p>Nos \u00e9quipes techniques, soutenues par un personnel administratif exp\u00e9riment\u00e9, travaillent en synergie pour vous offrir des solutions performantes, s\u00e9curitaires et adapt\u00e9es aux exigences de votre projet.<\/p><p>Pr\u00e9sents partout au Qu\u00e9bec \u2013 et l\u00e0 o\u00f9 votre projet nous m\u00e8ne \u2013 nous mettons notre expertise au service de vos ambitions \u00e9nerg\u00e9tiques, avec rigueur et engagement.<\/p><p>Chez DePiedmont, la s\u00e9curit\u00e9 est une valeur fondamentale. Nous sommes fiers de promouvoir des pratiques exemplaires en mati\u00e8re de sant\u00e9 et s\u00e9curit\u00e9 au travail, \u00e0 toutes les \u00e9tapes de nos interventions.<\/p>\t\t\t\t\t\t\t\t<\/div>\n\t\t\t\t<\/div>\n\t\t\t\t<div class=\"elementor-element elementor-element-15dae08 elementor-widget-divider--view-line elementor-widget elementor-widget-divider\" data-id=\"15dae08\" data-element_type=\"widget\" data-widget_type=\"divider.default\">\n\t\t\t\t<div class=\"elementor-widget-container\">\n\t\t\t\t\t\t\t<div class=\"elementor-divider\">\n\t\t\t<span class=\"elementor-divider-separator\">\n\t\t\t\t\t\t<\/span>\n\t\t<\/div>\n\t\t\t\t\t\t<\/div>\n\t\t\t\t<\/div>\n\t\t\t\t\t<\/div>\n\t\t<\/div>\n\t\t\t\t\t<\/div>\n\t\t<\/section>\n\t\t\t\t\t<\/div>\n\t\t<\/div>\n\t\t\t\t\t<\/div>\n\t\t<\/section>\n\t\t\t\t<\/div>\n\t\t","protected":false},"excerpt":{"rendered":"<p>L&rsquo;ADN de notre \u00e9quipe et de nos affili\u00e9s Chez KGC \u00c9nergie Nous sommes fiers d\u2019\u00eatre une entreprise o\u00f9 les gens de terrain et le personnel administratif sont d\u00e9vou\u00e9s \u00e0 la r\u00e9ussite de tous les projets. Nos \u00e9lectriciens sont des passionn\u00e9s qui se d\u00e9marquent par leurs qualifications et leur souci du travail bien fait. De plus, [&hellip;]<\/p>\n","protected":false},"author":1,"featured_media":0,"parent":0,"menu_order":0,"comment_status":"closed","ping_status":"closed","template":"","meta":{"footnotes":""},"class_list":["post-38","page","type-page","status-publish","hentry"],"_links":{"self":[{"href":"https:\/\/cool-kapitsa.54-39-18-128.plesk.page\/index.php?rest_route=\/wp\/v2\/pages\/38","targetHints":{"allow":["GET"]}}],"collection":[{"href":"https:\/\/cool-kapitsa.54-39-18-128.plesk.page\/index.php?rest_route=\/wp\/v2\/pages"}],"about":[{"href":"https:\/\/cool-kapitsa.54-39-18-128.plesk.page\/index.php?rest_route=\/wp\/v2\/types\/page"}],"author":[{"embeddable":true,"href":"https:\/\/cool-kapitsa.54-39-18-128.plesk.page\/index.php?rest_route=\/wp\/v2\/users\/1"}],"replies":[{"embeddable":true,"href":"https:\/\/cool-kapitsa.54-39-18-128.plesk.page\/index.php?rest_route=%2Fwp%2Fv2%2Fcomments&post=38"}],"version-history":[{"count":58,"href":"https:\/\/cool-kapitsa.54-39-18-128.plesk.page\/index.php?rest_route=\/wp\/v2\/pages\/38\/revisions"}],"predecessor-version":[{"id":1704,"href":"https:\/\/cool-kapitsa.54-39-18-128.plesk.page\/index.php?rest_route=\/wp\/v2\/pages\/38\/revisions\/1704"}],"wp:attachment":[{"href":"https:\/\/cool-kapitsa.54-39-18-128.plesk.page\/index.php?rest_route=%2Fwp%2Fv2%2Fmedia&parent=38"}],"curies":[{"name":"wp","href":"https:\/\/api.w.org\/{rel}","templated":true}]}}