{"id":1779,"date":"2025-08-18T13:34:42","date_gmt":"2025-08-18T13:34:42","guid":{"rendered":"https:\/\/cool-kapitsa.54-39-18-128.plesk.page\/?page_id=1779"},"modified":"2025-08-18T15:00:24","modified_gmt":"2025-08-18T15:00:24","slug":"accreditations-2","status":"publish","type":"page","link":"https:\/\/cool-kapitsa.54-39-18-128.plesk.page\/?page_id=1779","title":{"rendered":"accreditations"},"content":{"rendered":"\t\t<div data-elementor-type=\"wp-page\" data-elementor-id=\"1779\" class=\"elementor elementor-1779\" data-elementor-post-type=\"page\">\n\t\t\t\t\t\t<section class=\"elementor-section elementor-top-section elementor-element elementor-element-108fbb5 elementor-section-boxed elementor-section-height-default elementor-section-height-default\" data-id=\"108fbb5\" data-element_type=\"section\" data-settings=\"{&quot;background_background&quot;:&quot;classic&quot;}\">\n\t\t\t\t\t\t\t<div class=\"elementor-background-overlay\"><\/div>\n\t\t\t\t\t\t\t<div class=\"elementor-container elementor-column-gap-default\">\n\t\t\t\t\t<div class=\"elementor-column elementor-col-100 elementor-top-column elementor-element elementor-element-f1adc1b\" data-id=\"f1adc1b\" data-element_type=\"column\">\n\t\t\t<div class=\"elementor-widget-wrap elementor-element-populated\">\n\t\t\t\t\t\t<div class=\"elementor-element elementor-element-2aa4099 elementor-invisible elementor-widget elementor-widget-heading\" data-id=\"2aa4099\" data-element_type=\"widget\" data-settings=\"{&quot;_animation&quot;:&quot;fadeInDown&quot;}\" data-widget_type=\"heading.default\">\n\t\t\t\t<div class=\"elementor-widget-container\">\n\t\t\t\t\t<h2 class=\"elementor-heading-title elementor-size-default\">Licenses and accreditations<\/h2>\t\t\t\t<\/div>\n\t\t\t\t<\/div>\n\t\t\t\t\t<\/div>\n\t\t<\/div>\n\t\t\t\t\t<\/div>\n\t\t<\/section>\n\t\t\t\t<section class=\"elementor-section elementor-top-section elementor-element elementor-element-b3eca75 elementor-section-boxed elementor-section-height-default elementor-section-height-default\" data-id=\"b3eca75\" data-element_type=\"section\">\n\t\t\t\t\t\t<div class=\"elementor-container elementor-column-gap-default\">\n\t\t\t\t\t<div class=\"elementor-column elementor-col-100 elementor-top-column elementor-element elementor-element-94da902\" data-id=\"94da902\" data-element_type=\"column\" data-settings=\"{&quot;background_background&quot;:&quot;classic&quot;}\">\n\t\t\t<div class=\"elementor-widget-wrap elementor-element-populated\">\n\t\t\t\t\t<div class=\"elementor-background-overlay\"><\/div>\n\t\t\t\t\t\t<section class=\"elementor-section elementor-inner-section elementor-element elementor-element-8665d34 elementor-section-boxed elementor-section-height-default elementor-section-height-default\" data-id=\"8665d34\" data-element_type=\"section\">\n\t\t\t\t\t\t<div class=\"elementor-container elementor-column-gap-default\">\n\t\t\t\t\t<div class=\"elementor-column elementor-col-33 elementor-inner-column elementor-element elementor-element-090da63\" data-id=\"090da63\" data-element_type=\"column\">\n\t\t\t<div class=\"elementor-widget-wrap elementor-element-populated\">\n\t\t\t\t\t\t<div class=\"elementor-element elementor-element-2b22ad4 elementor-widget elementor-widget-heading\" data-id=\"2b22ad4\" data-element_type=\"widget\" data-widget_type=\"heading.default\">\n\t\t\t\t<div class=\"elementor-widget-container\">\n\t\t\t\t\t<h2 class=\"elementor-heading-title elementor-size-default\">Compliance with standards<\/h2>\t\t\t\t<\/div>\n\t\t\t\t<\/div>\n\t\t\t\t<div class=\"elementor-element elementor-element-411da4c elementor-invisible elementor-widget elementor-widget-heading\" data-id=\"411da4c\" data-element_type=\"widget\" data-settings=\"{&quot;_animation&quot;:&quot;fadeInDown&quot;}\" data-widget_type=\"heading.default\">\n\t\t\t\t<div class=\"elementor-widget-container\">\n\t\t\t\t\t<h2 class=\"elementor-heading-title elementor-size-default\">Licenses and accreditations<\/h2>\t\t\t\t<\/div>\n\t\t\t\t<\/div>\n\t\t\t\t\t<\/div>\n\t\t<\/div>\n\t\t\t\t<div class=\"elementor-column elementor-col-33 elementor-inner-column elementor-element elementor-element-d40e097\" data-id=\"d40e097\" data-element_type=\"column\">\n\t\t\t<div class=\"elementor-widget-wrap elementor-element-populated\">\n\t\t\t\t\t\t<div class=\"elementor-element elementor-element-f3812cc elementor-widget elementor-widget-text-editor\" data-id=\"f3812cc\" data-element_type=\"widget\" data-widget_type=\"text-editor.default\">\n\t\t\t\t<div class=\"elementor-widget-container\">\n\t\t\t\t\t\t\t\t\t<p>At <b>KGC \u00c9nergie<\/b>, we operate to the highest standards of quality, integrity and compliance.<\/p><p>Our licenses and accreditations testify to our commitment to excellence, safety and rigorous compliance with the regulatory requirements of our industry.<\/p>\t\t\t\t\t\t\t\t<\/div>\n\t\t\t\t<\/div>\n\t\t\t\t<div class=\"elementor-element elementor-element-c8d2b1f elementor-widget elementor-widget-image\" data-id=\"c8d2b1f\" data-element_type=\"widget\" data-widget_type=\"image.default\">\n\t\t\t\t<div class=\"elementor-widget-container\">\n\t\t\t\t\t\t\t\t\t\t\t\t\t\t\t<img fetchpriority=\"high\" decoding=\"async\" width=\"800\" height=\"309\" src=\"https:\/\/cool-kapitsa.54-39-18-128.plesk.page\/wp-content\/uploads\/2025\/05\/iso2015-1024x395-1.webp\" class=\"attachment-large size-large wp-image-628\" alt=\"\" srcset=\"https:\/\/cool-kapitsa.54-39-18-128.plesk.page\/wp-content\/uploads\/2025\/05\/iso2015-1024x395-1.webp 1024w, https:\/\/cool-kapitsa.54-39-18-128.plesk.page\/wp-content\/uploads\/2025\/05\/iso2015-1024x395-1-300x116.webp 300w, https:\/\/cool-kapitsa.54-39-18-128.plesk.page\/wp-content\/uploads\/2025\/05\/iso2015-1024x395-1-768x296.webp 768w\" sizes=\"(max-width: 800px) 100vw, 800px\" \/>\t\t\t\t\t\t\t\t\t\t\t\t\t\t\t<\/div>\n\t\t\t\t<\/div>\n\t\t\t\t\t<\/div>\n\t\t<\/div>\n\t\t\t\t<div class=\"elementor-column elementor-col-33 elementor-inner-column elementor-element elementor-element-da6dd57 elementor-invisible\" data-id=\"da6dd57\" data-element_type=\"column\" data-settings=\"{&quot;animation&quot;:&quot;fadeInUp&quot;}\">\n\t\t\t<div class=\"elementor-widget-wrap elementor-element-populated\">\n\t\t\t\t\t\t<div class=\"elementor-element elementor-element-d4515f3 elementor-widget elementor-widget-image\" data-id=\"d4515f3\" data-element_type=\"widget\" data-widget_type=\"image.default\">\n\t\t\t\t<div class=\"elementor-widget-container\">\n\t\t\t\t\t\t\t\t\t\t\t\t\t\t\t<img decoding=\"async\" width=\"1665\" height=\"1506\" src=\"https:\/\/cool-kapitsa.54-39-18-128.plesk.page\/wp-content\/uploads\/2025\/05\/Resized_20240917_084703_1726577482179.png\" class=\"attachment-full size-full wp-image-509\" alt=\"\" srcset=\"https:\/\/cool-kapitsa.54-39-18-128.plesk.page\/wp-content\/uploads\/2025\/05\/Resized_20240917_084703_1726577482179.png 1665w, https:\/\/cool-kapitsa.54-39-18-128.plesk.page\/wp-content\/uploads\/2025\/05\/Resized_20240917_084703_1726577482179-300x271.png 300w, https:\/\/cool-kapitsa.54-39-18-128.plesk.page\/wp-content\/uploads\/2025\/05\/Resized_20240917_084703_1726577482179-1024x926.png 1024w, https:\/\/cool-kapitsa.54-39-18-128.plesk.page\/wp-content\/uploads\/2025\/05\/Resized_20240917_084703_1726577482179-768x695.png 768w, https:\/\/cool-kapitsa.54-39-18-128.plesk.page\/wp-content\/uploads\/2025\/05\/Resized_20240917_084703_1726577482179-1536x1389.png 1536w\" sizes=\"(max-width: 1665px) 100vw, 1665px\" \/>\t\t\t\t\t\t\t\t\t\t\t\t\t\t\t<\/div>\n\t\t\t\t<\/div>\n\t\t\t\t\t<\/div>\n\t\t<\/div>\n\t\t\t\t\t<\/div>\n\t\t<\/section>\n\t\t\t\t\t<\/div>\n\t\t<\/div>\n\t\t\t\t\t<\/div>\n\t\t<\/section>\n\t\t\t\t<section class=\"elementor-section elementor-top-section elementor-element elementor-element-3107a4c9 elementor-section-boxed elementor-section-height-default elementor-section-height-default\" data-id=\"3107a4c9\" data-element_type=\"section\">\n\t\t\t\t\t\t<div class=\"elementor-container elementor-column-gap-default\">\n\t\t\t\t\t<div class=\"elementor-column elementor-col-100 elementor-top-column elementor-element elementor-element-7f78ea68\" data-id=\"7f78ea68\" data-element_type=\"column\">\n\t\t\t<div class=\"elementor-widget-wrap elementor-element-populated\">\n\t\t\t\t\t\t<div class=\"elementor-element elementor-element-1b102eb4 elementor-invisible elementor-widget elementor-widget-heading\" data-id=\"1b102eb4\" data-element_type=\"widget\" data-settings=\"{&quot;_animation&quot;:&quot;fadeInDown&quot;}\" data-widget_type=\"heading.default\">\n\t\t\t\t<div class=\"elementor-widget-container\">\n\t\t\t\t\t<h2 class=\"elementor-heading-title elementor-size-default\">Licenses and accreditations<\/h2>\t\t\t\t<\/div>\n\t\t\t\t<\/div>\n\t\t\t\t<div class=\"elementor-element elementor-element-101321b7 elementor-widget elementor-widget-elementskit-accordion\" data-id=\"101321b7\" data-element_type=\"widget\" data-widget_type=\"elementskit-accordion.default\">\n\t\t\t\t<div class=\"elementor-widget-container\">\n\t\t\t\t\t<div class=\"ekit-wid-con\" >\n        <div class=\"elementskit-accordion accoedion-primary\" id=\"accordion-69d8485d692ec\">\n\n            \n                <div class=\"elementskit-card \">\n                    <div class=\"elementskit-card-header\" id=\"primaryHeading-0-101321b7\">\n                        <a href=\"#collapse-6f4913969d8485d692ec\" class=\"ekit-accordion--toggler elementskit-btn-link collapsed\" data-ekit-toggle=\"collapse\" data-target=\"#Collapse-6f4913969d8485d692ec\" aria-expanded=\"false\" aria-controls=\"Collapse-6f4913969d8485d692ec\">\n                            \n                            <span class=\"ekit-accordion-title\">R\u00c9GIE DU B\u00c2TIMENT - #RBQ\u00a0 5764-1722-01<\/span>\n\n                            \n                                <div class=\"ekit_accordion_icon_group\">\n                                    <div class=\"ekit_accordion_normal_icon\">\n                                        <!-- Normal Icon -->\n\t\t\t\t\t\t\t\t\t\t                                    <\/div>\n\n                                    <div class=\"ekit_accordion_active_icon\">\n                                        <!-- Active Icon -->\n\t\t\t\t\t\t\t\t\t\t                                    <\/div>\n                                <\/div>\n\n                            \n                                                    <\/a>\n                    <\/div>\n\n                    <div id=\"Collapse-6f4913969d8485d692ec\" class=\" collapse\" aria-labelledby=\"primaryHeading-0-101321b7\" data-parent=\"#accordion-69d8485d692ec\">\n\n                        <div class=\"elementskit-card-body ekit-accordion--content\">\n                            <p><img decoding=\"async\" class=\"alignnone size-medium wp-image-621\" src=\"https:\/\/cool-kapitsa.54-39-18-128.plesk.page\/wp-content\/uploads\/2025\/05\/regie-300x87.webp\" alt=\"\" width=\"300\" height=\"87\" srcset=\"https:\/\/cool-kapitsa.54-39-18-128.plesk.page\/wp-content\/uploads\/2025\/05\/regie-300x87.webp 300w, https:\/\/cool-kapitsa.54-39-18-128.plesk.page\/wp-content\/uploads\/2025\/05\/regie.webp 485w\" sizes=\"(max-width: 300px) 100vw, 300px\" \/><\/p>                        <\/div>\n\n                    <\/div>\n\n                <\/div><!-- .elementskit-card END -->\n\n                \n                <div class=\"elementskit-card \">\n                    <div class=\"elementskit-card-header\" id=\"primaryHeading-1-101321b7\">\n                        <a href=\"#collapse-042b37869d8485d692ec\" class=\"ekit-accordion--toggler elementskit-btn-link collapsed\" data-ekit-toggle=\"collapse\" data-target=\"#Collapse-042b37869d8485d692ec\" aria-expanded=\"false\" aria-controls=\"Collapse-042b37869d8485d692ec\">\n                            \n                            <span class=\"ekit-accordion-title\">ASSOCIATION DE  LA CONSTRUCTION DU QU\u00c9BEC<\/span>\n\n                            \n                                <div class=\"ekit_accordion_icon_group\">\n                                    <div class=\"ekit_accordion_normal_icon\">\n                                        <!-- Normal Icon -->\n\t\t\t\t\t\t\t\t\t\t                                    <\/div>\n\n                                    <div class=\"ekit_accordion_active_icon\">\n                                        <!-- Active Icon -->\n\t\t\t\t\t\t\t\t\t\t                                    <\/div>\n                                <\/div>\n\n                            \n                                                    <\/a>\n                    <\/div>\n\n                    <div id=\"Collapse-042b37869d8485d692ec\" class=\" collapse\" aria-labelledby=\"primaryHeading-1-101321b7\" data-parent=\"#accordion-69d8485d692ec\">\n\n                        <div class=\"elementskit-card-body ekit-accordion--content\">\n                            <p><img loading=\"lazy\" decoding=\"async\" class=\" wp-image-622\" src=\"https:\/\/cool-kapitsa.54-39-18-128.plesk.page\/wp-content\/uploads\/2025\/05\/Association_de_la_construction_du_Qu_bec_L_ACQ_d_voile_sa_nouvel-300x157.jpg\" alt=\"\" width=\"197\" height=\"103\" srcset=\"https:\/\/cool-kapitsa.54-39-18-128.plesk.page\/wp-content\/uploads\/2025\/05\/Association_de_la_construction_du_Qu_bec_L_ACQ_d_voile_sa_nouvel-300x157.jpg 300w, https:\/\/cool-kapitsa.54-39-18-128.plesk.page\/wp-content\/uploads\/2025\/05\/Association_de_la_construction_du_Qu_bec_L_ACQ_d_voile_sa_nouvel-1024x536.jpg 1024w, https:\/\/cool-kapitsa.54-39-18-128.plesk.page\/wp-content\/uploads\/2025\/05\/Association_de_la_construction_du_Qu_bec_L_ACQ_d_voile_sa_nouvel-768x402.jpg 768w, https:\/\/cool-kapitsa.54-39-18-128.plesk.page\/wp-content\/uploads\/2025\/05\/Association_de_la_construction_du_Qu_bec_L_ACQ_d_voile_sa_nouvel-1536x804.jpg 1536w, https:\/\/cool-kapitsa.54-39-18-128.plesk.page\/wp-content\/uploads\/2025\/05\/Association_de_la_construction_du_Qu_bec_L_ACQ_d_voile_sa_nouvel.jpg 1650w\" sizes=\"(max-width: 197px) 100vw, 197px\" \/><\/p>                        <\/div>\n\n                    <\/div>\n\n                <\/div><!-- .elementskit-card END -->\n\n                \n                <div class=\"elementskit-card \">\n                    <div class=\"elementskit-card-header\" id=\"primaryHeading-2-101321b7\">\n                        <a href=\"#collapse-fcc8da469d8485d692ec\" class=\"ekit-accordion--toggler elementskit-btn-link collapsed\" data-ekit-toggle=\"collapse\" data-target=\"#Collapse-fcc8da469d8485d692ec\" aria-expanded=\"false\" aria-controls=\"Collapse-fcc8da469d8485d692ec\">\n                            \n                            <span class=\"ekit-accordion-title\">CONSEIL DES INFRASTRUCTRES | CONCIL INFRASTRUCTURE<\/span>\n\n                            \n                                <div class=\"ekit_accordion_icon_group\">\n                                    <div class=\"ekit_accordion_normal_icon\">\n                                        <!-- Normal Icon -->\n\t\t\t\t\t\t\t\t\t\t                                    <\/div>\n\n                                    <div class=\"ekit_accordion_active_icon\">\n                                        <!-- Active Icon -->\n\t\t\t\t\t\t\t\t\t\t                                    <\/div>\n                                <\/div>\n\n                            \n                                                    <\/a>\n                    <\/div>\n\n                    <div id=\"Collapse-fcc8da469d8485d692ec\" class=\" collapse\" aria-labelledby=\"primaryHeading-2-101321b7\" data-parent=\"#accordion-69d8485d692ec\">\n\n                        <div class=\"elementskit-card-body ekit-accordion--content\">\n                            <p><img loading=\"lazy\" decoding=\"async\" class=\"alignnone size-medium wp-image-623\" src=\"https:\/\/cool-kapitsa.54-39-18-128.plesk.page\/wp-content\/uploads\/2025\/05\/logo-2025-bil-bleu_vert_sans-slogan-1739569110-300x88.png\" alt=\"\" width=\"300\" height=\"88\" srcset=\"https:\/\/cool-kapitsa.54-39-18-128.plesk.page\/wp-content\/uploads\/2025\/05\/logo-2025-bil-bleu_vert_sans-slogan-1739569110-300x88.png 300w, https:\/\/cool-kapitsa.54-39-18-128.plesk.page\/wp-content\/uploads\/2025\/05\/logo-2025-bil-bleu_vert_sans-slogan-1739569110-1024x299.png 1024w, https:\/\/cool-kapitsa.54-39-18-128.plesk.page\/wp-content\/uploads\/2025\/05\/logo-2025-bil-bleu_vert_sans-slogan-1739569110-768x224.png 768w, https:\/\/cool-kapitsa.54-39-18-128.plesk.page\/wp-content\/uploads\/2025\/05\/logo-2025-bil-bleu_vert_sans-slogan-1739569110.png 1200w\" sizes=\"(max-width: 300px) 100vw, 300px\" \/><\/p>                        <\/div>\n\n                    <\/div>\n\n                <\/div><!-- .elementskit-card END -->\n\n                \n                <div class=\"elementskit-card \">\n                    <div class=\"elementskit-card-header\" id=\"primaryHeading-3-101321b7\">\n                        <a href=\"#collapse-247bb1b69d8485d692ec\" class=\"ekit-accordion--toggler elementskit-btn-link collapsed\" data-ekit-toggle=\"collapse\" data-target=\"#Collapse-247bb1b69d8485d692ec\" aria-expanded=\"false\" aria-controls=\"Collapse-247bb1b69d8485d692ec\">\n                            \n                            <span class=\"ekit-accordion-title\">ASSOCIATION QU\u00c9B\u00c9COISE DE LA PRODUCTION D&#039;\u00c9NERGIE RENOUVELABLE<\/span>\n\n                            \n                                <div class=\"ekit_accordion_icon_group\">\n                                    <div class=\"ekit_accordion_normal_icon\">\n                                        <!-- Normal Icon -->\n\t\t\t\t\t\t\t\t\t\t                                    <\/div>\n\n                                    <div class=\"ekit_accordion_active_icon\">\n                                        <!-- Active Icon -->\n\t\t\t\t\t\t\t\t\t\t                                    <\/div>\n                                <\/div>\n\n                            \n                                                    <\/a>\n                    <\/div>\n\n                    <div id=\"Collapse-247bb1b69d8485d692ec\" class=\" collapse\" aria-labelledby=\"primaryHeading-3-101321b7\" data-parent=\"#accordion-69d8485d692ec\">\n\n                        <div class=\"elementskit-card-body ekit-accordion--content\">\n                            <p><img loading=\"lazy\" decoding=\"async\" class=\"alignnone size-medium wp-image-624\" src=\"https:\/\/cool-kapitsa.54-39-18-128.plesk.page\/wp-content\/uploads\/2025\/05\/logo-aqper-300x116.png\" alt=\"\" width=\"300\" height=\"116\" srcset=\"https:\/\/cool-kapitsa.54-39-18-128.plesk.page\/wp-content\/uploads\/2025\/05\/logo-aqper-300x116.png 300w, https:\/\/cool-kapitsa.54-39-18-128.plesk.page\/wp-content\/uploads\/2025\/05\/logo-aqper.png 387w\" sizes=\"(max-width: 300px) 100vw, 300px\" \/><\/p>                        <\/div>\n\n                    <\/div>\n\n                <\/div><!-- .elementskit-card END -->\n\n                                        <\/div>\n    <\/div>\t\t\t\t<\/div>\n\t\t\t\t<\/div>\n\t\t\t\t\t<\/div>\n\t\t<\/div>\n\t\t\t\t\t<\/div>\n\t\t<\/section>\n\t\t\t\t<\/div>\n\t\t","protected":false},"excerpt":{"rendered":"<p>Licenses and accreditations Compliance with standards Licenses and accreditations At KGC \u00c9nergie, we operate to the highest standards of quality, integrity and compliance. Our licenses and accreditations testify to our commitment to excellence, safety and rigorous compliance with the regulatory requirements of our industry. Licenses and accreditations R\u00c9GIE DU B\u00c2TIMENT &#8211; #RBQ\u00a0 5764-1722-01 ASSOCIATION DE [&hellip;]<\/p>\n","protected":false},"author":1,"featured_media":0,"parent":0,"menu_order":0,"comment_status":"closed","ping_status":"closed","template":"","meta":{"footnotes":""},"class_list":["post-1779","page","type-page","status-publish","hentry"],"_links":{"self":[{"href":"https:\/\/cool-kapitsa.54-39-18-128.plesk.page\/index.php?rest_route=\/wp\/v2\/pages\/1779","targetHints":{"allow":["GET"]}}],"collection":[{"href":"https:\/\/cool-kapitsa.54-39-18-128.plesk.page\/index.php?rest_route=\/wp\/v2\/pages"}],"about":[{"href":"https:\/\/cool-kapitsa.54-39-18-128.plesk.page\/index.php?rest_route=\/wp\/v2\/types\/page"}],"author":[{"embeddable":true,"href":"https:\/\/cool-kapitsa.54-39-18-128.plesk.page\/index.php?rest_route=\/wp\/v2\/users\/1"}],"replies":[{"embeddable":true,"href":"https:\/\/cool-kapitsa.54-39-18-128.plesk.page\/index.php?rest_route=%2Fwp%2Fv2%2Fcomments&post=1779"}],"version-history":[{"count":4,"href":"https:\/\/cool-kapitsa.54-39-18-128.plesk.page\/index.php?rest_route=\/wp\/v2\/pages\/1779\/revisions"}],"predecessor-version":[{"id":1866,"href":"https:\/\/cool-kapitsa.54-39-18-128.plesk.page\/index.php?rest_route=\/wp\/v2\/pages\/1779\/revisions\/1866"}],"wp:attachment":[{"href":"https:\/\/cool-kapitsa.54-39-18-128.plesk.page\/index.php?rest_route=%2Fwp%2Fv2%2Fmedia&parent=1779"}],"curies":[{"name":"wp","href":"https:\/\/api.w.org\/{rel}","templated":true}]}}